{"id":1918,"date":"2020-12-09T15:18:34","date_gmt":"2020-12-09T20:18:34","guid":{"rendered":"https:\/\/dansondecor.com\/terms-of-use\/"},"modified":"2021-07-01T14:08:17","modified_gmt":"2021-07-01T18:08:17","slug":"conditions-de-vente","status":"publish","type":"page","link":"https:\/\/dansondecor.com\/fr\/conditions-de-vente\/","title":{"rendered":"Conditions de vente"},"content":{"rendered":"<h2>Conditions de vente<\/h2>\n<p>Derni\u00e8re mise \u00e0 jour : 4 f\u00e9vrier 2021<\/p>\n<p>Les pr\u00e9sentes conditions de vente (les \u00ab Conditions de vente \u00bb) sont conclues entre Danson Decor Inc. (\u00ab Danson \u00bb, \u00ab nous \u00bb, \u00ab notre \u00bb ou \u00ab nos \u00bb) et vous, le client ayant le nom et l&#8217;adresse indiqu\u00e9s dans le formulaire de commande (le \u00ab Client \u00bb, \u00ab vous \u00bb ou \u00ab votre \u00bb) qui ach\u00e8te nos produits mis en vente sur notre site Internet https:\/\/dansondecor.com\/ (le \u00ab Site Internet \u00bb) (les \u00ab Produits \u00bb).<br \/>\nLes pr\u00e9sentes Conditions de vente sont effectives d\u00e8s lors que vous les acceptez au moment o\u00f9 vous achetez nos Produits.<br \/>\nSi vous souhaitez acc\u00e9der \u00e0 la version anglaise des Conditions de vente, veuillez cliquer ici. If you wish to access the English version of these Terms of Sale, please click here.<br \/>\nVeuillez lire attentivement les Conditions de vente avant d&#8217;effectuer tout achat. Vous serez li\u00e9 par la version des pr\u00e9sentes Conditions de vente qui \u00e9tait en vigueur lorsque vous avez pass\u00e9 chaque commande via le Site Internet.<br \/>\nSi vous avez un contrat s\u00e9par\u00e9 avec Danson en ce qui concerne vos achats effectu\u00e9s sur le Site Internet, les pr\u00e9sentes Conditions de vente ne s&#8217;appliquent pas \u00e0 vous, \u00e0 moins que votre contrat s\u00e9par\u00e9 avec Danson n&#8217;int\u00e8gre express\u00e9ment les pr\u00e9sentes Conditions de vente.<br \/>\nSi vous souhaitez obtenir des produits \u00ab g\u00e9n\u00e9riques \u00bb, \u00ab white label \u00bb, personnalis\u00e9s ou modifi\u00e9s, veuillez contacter Danson en utilisant les informations indiqu\u00e9es ci-dessous. Les achats de ces produits ne peuvent \u00eatre effectu\u00e9s par l&#8217;interm\u00e9diaire de ce Site Internet.<br \/>\nCes Conditions de vente sont soumises aux conditions commerciales n\u00e9goci\u00e9es avec Danson avant que vous n&#8217;obteniez l&#8217;acc\u00e8s \u00e0 ce Site Internet, qui peuvent inclure des d\u00e9lais sp\u00e9cifiques, des m\u00e9thodes de paiement, des modalit\u00e9s d&#8217;exp\u00e9dition, des prix de volume et d&#8217;autres aspects des achats effectu\u00e9s sur le Site Internet (votre \u00ab Programme d&#8217;achat \u00bb).<br \/>\nSi vous avez des questions concernant ces Conditions de vente, veuillez nous contacter :<\/p>\n<p>514-335-2435 ou 1-800-363-1865<br \/>\nDu lundi au vendredi, de 8h30 \u00e0 16h30 (heure de l&#8217;Est)<br \/>\nSauf les jours f\u00e9ri\u00e9s<\/p>\n<p>Danson Decor Inc.<br \/>\n3425, rue Douglas B. Floreani,<br \/>\nSt-Laurent, Qu\u00e9bec H4S 1Y6<br \/>\nCustomerCare@dansondecor.com<br \/>\n1.\tPRIX, DESCRIPTION DES PRODUITS ET COMMANDE<br \/>\nLes Produits sont d\u00e9crits sur notre Site Internet, ainsi que leurs caract\u00e9ristiques et sp\u00e9cifications techniques. Le prix de chaque Produit est d\u00e9taill\u00e9 dans votre formulaire de commande avant d&#8217;effectuer l&#8217;achat, une fois que vous avez quitt\u00e9 votre panier. Tous les prix sont en dollars canadiens.<br \/>\n2.\tDISPONIBILIT\u00c9 DES PRODUITS<br \/>\nVous acceptez et reconnaissez que certains Produits peuvent \u00eatre en rupture de stock ou indisponibles de temps \u00e0 autre. Nous nous effor\u00e7ons de tenir \u00e0 jour notre liste de Produits et les tarifs correspondants, mais il peut y avoir des diff\u00e9rences entre les Produits disponibles sur le Site Internet et l&#8217;inventaire r\u00e9el. Si un Produit est en rupture de stock ou indisponible, nous vous contacterons par t\u00e9l\u00e9phone et\/ou par SMS pour vous informer et vous aider \u00e0 remplacer les Produits qui sont en rupture de stock ou indisponibles. Si vous ne r\u00e9pondez pas \u00e0 nos tentatives, vous acceptez que nous puissions retirer le(s) Produit(s) en rupture de stock ou indisponible(s) de votre commande, et nous ne vous facturerons pas ces Produits en rupture de stock ou indisponibles.<br \/>\n3.\tLA MODIFICATION OU L&#8217;ANNULATION DE COMMANDES<br \/>\nVous pouvez modifier ou annuler votre commande jusqu&#8217;\u00e0 l&#8217;exp\u00e9dition qu&#8217;avec l&#8217;accord \u00e9crit pr\u00e9alable de Danson et ces modifications peuvent n\u00e9cessiter des conditions ou modalit\u00e9s diff\u00e9rentes, notamment une modification du prix et\/ou du d\u00e9lai de livraison. Pour modifier ou annuler votre commande, veuillez contacter nos repr\u00e9sentants du service client\u00e8le en utilisant les coordonn\u00e9es indiqu\u00e9es ci-dessus. Une fois soumise, vous ne pouvez pas annuler une commande \u00e0 moins que l&#8217;annulation ne soit express\u00e9ment approuv\u00e9e par Danson par \u00e9crit, cette approbation pouvant \u00eatre conditionn\u00e9e au paiement des frais, y compris, mais sans s&#8217;y limiter, les frais de stockage et d&#8217;exp\u00e9dition, les frais de production de mat\u00e9riaux non standard, les frais d&#8217;achat de mat\u00e9riaux non retournables et tous les autres frais r\u00e9sultant de l&#8217;annulation.<br \/>\nParfois, une commande ou une partie de commande peut \u00eatre annul\u00e9e par Danson pour diverses raisons, par exemple si vos informations de paiement ou votre adresse de livraison n&#8217;ont pas pu \u00eatre v\u00e9rifi\u00e9es. Si votre commande est annul\u00e9e, vous recevrez un avis concernant votre commande par courrier \u00e9lectronique. Vous ne serez pas factur\u00e9 pour les Produits annul\u00e9s par Danson.<br \/>\nNous nous r\u00e9servons le droit de limiter ou de refuser toute commande que vous nous passez. Nous nous r\u00e9servons \u00e9galement le droit de v\u00e9rifier la validit\u00e9 de toutes les commandes et\/ou d&#8217;annuler toute commande si nous trouvons des preuves de fraude, de falsification et\/ou de toute autre violation des Conditions de vente.<br \/>\n4.\tCONDITIONS DE PAIEMENT<br \/>\nVous pouvez payer selon le mode de paiement convenu avec Danson dans votre Programme d&#8217;achat.<br \/>\nDanson se r\u00e9serve le droit de vous facturer une p\u00e9nalit\u00e9 de retard de 1,5 % par mois appliqu\u00e9e sur les montants en retard non contest\u00e9s, ou le taux maximum autoris\u00e9 par la loi, le montant le plus faible \u00e9tant retenu. Danson se r\u00e9serve en outre le droit de demander le recouvrement de tous les montants en souffrance (y compris par renvoi \u00e0 des tiers collecteurs), plus tous les frais l\u00e9gaux raisonnables (y compris les frais d&#8217;avocat raisonnables) et les co\u00fbts associ\u00e9s \u00e0 ce recouvrement.<br \/>\nNos Produits sont soumis \u00e0 la taxe canadienne sur les produits et services (TPS) de 5 %, y compris les articles, l&#8217;exp\u00e9dition et les manipulations sp\u00e9ciales. En outre, la taxe de vente provinciales ou la taxe de vente harmonis\u00e9e peubvent s&#8217;appliquer, selon les Produits et la destination de l&#8217;envoi. Le montant de la taxe de vente imput\u00e9 \u00e0 une commande varie en fonction de la province dans laquelle le ou les Produits seront exp\u00e9di\u00e9s et des lois locales applicables sur la taxe de vente. Vous pourrez voir le montant de la taxe de vente avant de passer votre commande. La taxe est calcul\u00e9e sur le prix de vente total de chaque Produit individuel et sur toute exp\u00e9dition\/manutention conform\u00e9ment aux lois applicables.<br \/>\n5.\tLIVRAISON<br \/>\nVeuillez pr\u00e9voir deux (2) jours ouvrables pour le traitement de votre commande. Vos livraisons sont exp\u00e9di\u00e9es par les services postaux standards et peuvent \u00eatre retard\u00e9es pour des raisons ind\u00e9pendantes de notre volont\u00e9. Les d\u00e9lais d&#8217;exp\u00e9dition peuvent varier. Toutes les dates d&#8217;exp\u00e9dition et de livraison communiqu\u00e9es sur notre Site Internet ou par courrier \u00e9lectronique ne sont que des estimations et sont susceptibles d&#8217;\u00eatre modifi\u00e9es. Veuillez noter que la livraison n&#8217;est disponible que pour les adresses postales situ\u00e9es au Canada. Nous livrons \u00e0 l&#8217;adresse indiqu\u00e9e dans votre bon de commande.<br \/>\nSi les Produits semblent \u00eatre endommag\u00e9s \u00e0 la livraison, veuillez refuser la livraison. Si vous avez d\u00e9j\u00e0 accept\u00e9 la livraison et que vous constatez ensuite des dommages lors du transport, veuillez contacter le transporteur imm\u00e9diatement. Conservez tout le mat\u00e9riel d&#8217;emballage et les documents, ne jetez rien. Contactez nos repr\u00e9sentants du service client\u00e8le et nous vous donnerons des instructions. S&#8217;il manque un Produit dans votre commande, vous devez \u00e9galement contacter nos repr\u00e9sentants du service client\u00e8le.<br \/>\n6.\tR\u00c9PARATION<br \/>\nSauf sous r\u00e9serve des garanties \u00e9nonc\u00e9es ci-dessous, nous ne garantissons pas que l&#8217;entretien, les pi\u00e8ces de rechange et le service de r\u00e9paration seront disponibles apr\u00e8s votre achat.<br \/>\n7.\tGARANTIE ET RETOURS<br \/>\nLa garantie limit\u00e9e de Danson couvre les d\u00e9fauts de mat\u00e9riaux et de fabrication des Produits de la marque Danson. Sauf indication contraire, vous pouvez retourner tout Produit d\u00e9fectueux achet\u00e9 sur le Site Internet dans les 90 jours civils suivant la r\u00e9ception du Produit. Pour retourner un Produit, vous : (a) devez contacter Danson directement avant de tenter de retourner le Produit ; (b) devez retourner le Produit dans son emballage d&#8217;origine ou \u00e9quivalent ; et (c) \u00eates responsable du risque de perte et des frais d&#8217;exp\u00e9dition et de manutention pour le retour ou l&#8217;\u00e9change du Produit.<br \/>\nIL S&#8217;AGIT DE LA SEULE GARANTIE QUE VOUS OFFRE DANSON POUR TOUT ACHAT EFFECTU\u00c9 VIA LE SITE INTERNET.<br \/>\nCERTAINES PROVINCES OU CERTAINS \u00c9TATS N&#8217;AUTORISENT PAS L&#8217;EXCLUSION DE CERTAINES GARANTIES OU CONDITIONS IMPLICITES EN VERTU DES LOIS QUI Y SONT APPLICABLES. DANS CES PROVINCES OU \u00c9TATS, LES EXCLUSIONS SUIVANTES PEUVENT NE PAS S&#8217;APPLIQUER \u00c0 VOUS. DANSON D\u00c9CLINE TOUTE AUTRE GARANTIE ET CONDITION, EXPRESSE OU IMPLICITE, Y COMPRIS, SANS LIMITATION, LES GARANTIES OU CONDITIONS IMPLICITES DE QUALIT\u00c9 MARCHANDE ET D&#8217;AD\u00c9QUATION \u00c0 UN USAGE PARTICULIER. LA RESPONSABILIT\u00c9 DE DANSON POUR LES DEMANDES DE GARANTIE EST LIMIT\u00c9E \u00c0 LA R\u00c9PARATION ET AU REMPLACEMENT SELON LES PROC\u00c9DURES DE GARANTIE DE DANSON EN VIGUEUR \u00c0 LA DATE DE LA FACTURE. SOUS R\u00c9SERVE DES LOIS PROVINCIALES OU \u00c9TATIQUES APPLICABLES QUI LIMITENT LA MANI\u00c8RE DONT DANSON PEUT APPORTER DES MODIFICATIONS, DANSON SE R\u00c9SERVE LE DROIT DE MODIFIER SA GARANTIE \u00c0 TOUT MOMENT.<br \/>\nDANSON NE SERA PAS RESPONSABLE DES DOMMAGES ACCESSOIRES, INDIRECTS, PUNITIFS, SP\u00c9CIAUX OU CONS\u00c9CUTIFS D\u00c9COULANT DE OU EN RELATION AVEC LES PR\u00c9SENTES CONDITIONS DE VENTE OU DE VOTRE ACHAT DE TOUT PRODUIT SUR OU PAR LE BIAIS DU SITE INTERNET.<br \/>\nEN AUCUN CAS, DANSON, SES FILIALES, SES OU LEURS EMPLOY\u00c9S, DIRECTEURS, CADRES ET AGENTS RESPECTIFS NE POURRONT \u00caTRE TENUS POUR RESPONSABLES COLLECTIVEMENT DE DOMMAGES DE QUELQUE NATURE QUE CE SOIT ET TOUTE INDEMNIT\u00c9 D\u00c9COULANT DE OU EN RELATION AVEC LES PR\u00c9SENTES CONDITIONS DE VENTE, QU&#8217;ELLE SOIT R\u00c9CLAM\u00c9E EN VERTU D&#8217;UN CONTRAT OU NON (Y COMPRIS LA N\u00c9GLIGENCE OU LA RESPONSABILIT\u00c9 CIVILE), D&#8217;UNE GARANTIE OU AUTRE, D\u00c9PASSER LE MONTANT QUE VOUS AVEZ PAY\u00c9 POUR LE PRODUIT \u00c0 L&#8217;ORIGINE DE CES DOMMAGES.<br \/>\n8.\tDISPOSITIONS G\u00c9N\u00c9RALES<br \/>\nVous vous engagez \u00e0 nous indemniser et \u00e0 nous tenir \u00e0 couvert de toute r\u00e9clamation et responsabilit\u00e9 qui pourrait survenir suite \u00e0 votre utilisation, mauvaise utilisation ou stockage des Produits, sauf dans la mesure o\u00f9 ces r\u00e9clamations et responsabilit\u00e9s sont dues \u00e0 une n\u00e9gligence ou \u00e0 une faute lourde ou intentionnelle de notre part.<br \/>\nNous pouvons modifier les Conditions de vente de temps en temps. Toutefois, la version qui vous est applicable sera celle que vous avez accept\u00e9e au moment de votre achat. La date de la derni\u00e8re modification est indiqu\u00e9e au d\u00e9but des pr\u00e9sentes Conditions de vente.<br \/>\nDanson ne sera pas responsable ou n&#8217;encourra aucune responsabilit\u00e9 pour tout manquement ou tout retard dans l&#8217;ex\u00e9cution des conditions des pr\u00e9sentes Conditions de vente lorsque ce manquement ou ce retard (directement ou indirectement, en tout ou en partie) est caus\u00e9 ou d\u00e9coule de quelque mani\u00e8re que ce soit (a) d&#8217;un accident, d&#8217;un incendie, d&#8217;une inondation, d&#8217;une explosion ou d&#8217;un cas de force majeure ; (c) d&#8217;une insurrection, d&#8217;une r\u00e9bellion, d&#8217;une r\u00e9volution, d&#8217;une guerre civile, d&#8217;actes de terrorisme, d&#8217;actes de piraterie, de sabotage, de d\u00e9sob\u00e9issance civile, d&#8217;usurpation de pouvoir, ou d&#8217;une mesure prise par une autorit\u00e9 gouvernementale pour entraver, combattre ou se d\u00e9fendre contre de tels \u00e9v\u00e9nements ; (d) les gr\u00e8ves, ralentissements, lock-out ou autres interruptions ou perturbations du travail ou des employ\u00e9s, qu&#8217;ils impliquent des employ\u00e9s de cette partie ou de toute autre personne sur laquelle cette partie n&#8217;a pas de contr\u00f4le raisonnable ; (e) les actes, r\u00e8glements ou directives de l&#8217;autorit\u00e9 gouvernementale de la juridiction comp\u00e9tente et\/ou (f) tout autre \u00e9v\u00e9nement ou cause, qu&#8217;il soit similaire ou diff\u00e9rent de ce qui pr\u00e9c\u00e8de, \u00e9chappant au contr\u00f4le de Danson.<br \/>\nLes pr\u00e9sentes Conditions de vente sont r\u00e9gies et interpr\u00e9t\u00e9es par les lois de la province de Qu\u00e9bec, Canada et les lois du Canada applicables au Qu\u00e9bec. Par les pr\u00e9sentes, les parties se soumettent irr\u00e9vocablement \u00e0 la comp\u00e9tence des tribunaux du district de Montr\u00e9al, province de Qu\u00e9bec.<br \/>\nVous ne devez pas c\u00e9der ou transf\u00e9rer de toute autre mani\u00e8re les pr\u00e9sentes Conditions de vente ou l&#8217;un des droits ou obligations qui en d\u00e9coulent \u00e0 un tiers sans le consentement \u00e9crit pr\u00e9alable de Danson, lequel consentement est \u00e0 la seule discr\u00e9tion de Danson. Aucune cession ou d\u00e9l\u00e9gation de votre part ne vous lib\u00e9rera de vos obligations en vertu des pr\u00e9sentes Conditions de vente. Sous r\u00e9serve de ce qui pr\u00e9c\u00e8de, les pr\u00e9sentes Conditions de vente lient, profitent et sont ex\u00e9cutoires par chacune des parties et leurs successeurs et ayants droit respectifs. Danson sera autoris\u00e9e \u00e0 c\u00e9der les pr\u00e9sentes Conditions de vente \u00e0 tout tiers sans avoir besoin de votre consentement.<br \/>\nRien dans les pr\u00e9sentes Conditions de vente ne constitue un partenariat ou une coentreprise entre vous et Danson.<br \/>\nSi une disposition particuli\u00e8re des pr\u00e9sentes Conditions de vente est jug\u00e9e invalide par un tribunal comp\u00e9tent, cette disposition sera consid\u00e9r\u00e9e comme dissoci\u00e9e des pr\u00e9sentes Conditions de vente et n&#8217;affectera pas la validit\u00e9 des pr\u00e9sentes Conditions de vente dans leur ensemble.<\/p>\n","protected":false},"excerpt":{"rendered":"<p>Conditions de vente Derni\u00e8re mise \u00e0 jour : 4 f\u00e9vrier 2021 Les pr\u00e9sentes conditions de vente (les \u00ab Conditions de vente \u00bb) sont conclues entre [&hellip;]<\/p>\n","protected":false},"author":4,"featured_media":0,"parent":0,"menu_order":0,"comment_status":"closed","ping_status":"closed","template":"template-page-with-sections.php","meta":{"footnotes":""},"class_list":["post-1918","page","type-page","status-publish","hentry"],"yoast_head":"<!-- This site is optimized with the Yoast SEO plugin v27.0 - https:\/\/yoast.com\/product\/yoast-seo-wordpress\/ -->\n<title>Conditions de vente - Danson Decor<\/title>\n<meta name=\"robots\" content=\"index, follow, max-snippet:-1, max-image-preview:large, max-video-preview:-1\" \/>\n<link rel=\"canonical\" href=\"https:\/\/dansondecor.com\/fr\/terms-of-sale\/\" \/>\n<meta property=\"og:locale\" content=\"fr_CA\" \/>\n<meta property=\"og:type\" content=\"article\" \/>\n<meta property=\"og:title\" content=\"Conditions de vente - Danson Decor\" \/>\n<meta property=\"og:description\" content=\"Conditions de vente Derni\u00e8re mise \u00e0 jour : 4 f\u00e9vrier 2021 Les pr\u00e9sentes conditions de vente (les \u00ab Conditions de vente \u00bb) sont conclues entre [&hellip;]\" \/>\n<meta property=\"og:url\" content=\"https:\/\/dansondecor.com\/terms-of-sale\/\" \/>\n<meta property=\"og:site_name\" content=\"Danson Decor\" \/>\n<meta property=\"article:modified_time\" content=\"2021-07-01T18:08:17+00:00\" \/>\n<meta name=\"twitter:card\" content=\"summary_large_image\" \/>\n<meta name=\"twitter:label1\" content=\"Estimation du temps de lecture\" \/>\n\t<meta name=\"twitter:data1\" content=\"11 minutes\" \/>\n<script type=\"application\/ld+json\" class=\"yoast-schema-graph\">{\"@context\":\"https:\/\/schema.org\",\"@graph\":[{\"@type\":\"WebPage\",\"@id\":\"https:\/\/dansondecor.com\/terms-of-sale\/\",\"url\":\"https:\/\/dansondecor.com\/terms-of-sale\/\",\"name\":\"Conditions de vente - Danson Decor\",\"isPartOf\":{\"@id\":\"https:\/\/dansondecor.com\/#website\"},\"datePublished\":\"2020-12-09T20:18:34+00:00\",\"dateModified\":\"2021-07-01T18:08:17+00:00\",\"breadcrumb\":{\"@id\":\"https:\/\/dansondecor.com\/terms-of-sale\/#breadcrumb\"},\"inLanguage\":\"fr-CA\",\"potentialAction\":[{\"@type\":\"ReadAction\",\"target\":[\"https:\/\/dansondecor.com\/terms-of-sale\/\"]}]},{\"@type\":\"BreadcrumbList\",\"@id\":\"https:\/\/dansondecor.com\/terms-of-sale\/#breadcrumb\",\"itemListElement\":[{\"@type\":\"ListItem\",\"position\":1,\"name\":\"Home\",\"item\":\"https:\/\/dansondecor.com\/fr\/\"},{\"@type\":\"ListItem\",\"position\":2,\"name\":\"Conditions de vente\"}]},{\"@type\":\"WebSite\",\"@id\":\"https:\/\/dansondecor.com\/#website\",\"url\":\"https:\/\/dansondecor.com\/\",\"name\":\"Danson Decor\",\"description\":\"\",\"potentialAction\":[{\"@type\":\"SearchAction\",\"target\":{\"@type\":\"EntryPoint\",\"urlTemplate\":\"https:\/\/dansondecor.com\/?s={search_term_string}\"},\"query-input\":{\"@type\":\"PropertyValueSpecification\",\"valueRequired\":true,\"valueName\":\"search_term_string\"}}],\"inLanguage\":\"fr-CA\"}]}<\/script>\n<!-- \/ Yoast SEO plugin. -->","yoast_head_json":{"title":"Conditions de vente - Danson Decor","robots":{"index":"index","follow":"follow","max-snippet":"max-snippet:-1","max-image-preview":"max-image-preview:large","max-video-preview":"max-video-preview:-1"},"canonical":"https:\/\/dansondecor.com\/fr\/terms-of-sale\/","og_locale":"fr_CA","og_type":"article","og_title":"Conditions de vente - Danson Decor","og_description":"Conditions de vente Derni\u00e8re mise \u00e0 jour : 4 f\u00e9vrier 2021 Les pr\u00e9sentes conditions de vente (les \u00ab Conditions de vente \u00bb) sont conclues entre [&hellip;]","og_url":"https:\/\/dansondecor.com\/terms-of-sale\/","og_site_name":"Danson Decor","article_modified_time":"2021-07-01T18:08:17+00:00","twitter_card":"summary_large_image","twitter_misc":{"Estimation du temps de lecture":"11 minutes"},"schema":{"@context":"https:\/\/schema.org","@graph":[{"@type":"WebPage","@id":"https:\/\/dansondecor.com\/terms-of-sale\/","url":"https:\/\/dansondecor.com\/terms-of-sale\/","name":"Conditions de vente - Danson Decor","isPartOf":{"@id":"https:\/\/dansondecor.com\/#website"},"datePublished":"2020-12-09T20:18:34+00:00","dateModified":"2021-07-01T18:08:17+00:00","breadcrumb":{"@id":"https:\/\/dansondecor.com\/terms-of-sale\/#breadcrumb"},"inLanguage":"fr-CA","potentialAction":[{"@type":"ReadAction","target":["https:\/\/dansondecor.com\/terms-of-sale\/"]}]},{"@type":"BreadcrumbList","@id":"https:\/\/dansondecor.com\/terms-of-sale\/#breadcrumb","itemListElement":[{"@type":"ListItem","position":1,"name":"Home","item":"https:\/\/dansondecor.com\/fr\/"},{"@type":"ListItem","position":2,"name":"Conditions de vente"}]},{"@type":"WebSite","@id":"https:\/\/dansondecor.com\/#website","url":"https:\/\/dansondecor.com\/","name":"Danson Decor","description":"","potentialAction":[{"@type":"SearchAction","target":{"@type":"EntryPoint","urlTemplate":"https:\/\/dansondecor.com\/?s={search_term_string}"},"query-input":{"@type":"PropertyValueSpecification","valueRequired":true,"valueName":"search_term_string"}}],"inLanguage":"fr-CA"}]}},"_links":{"self":[{"href":"https:\/\/dansondecor.com\/fr\/wp-json\/wp\/v2\/pages\/1918","targetHints":{"allow":["GET"]}}],"collection":[{"href":"https:\/\/dansondecor.com\/fr\/wp-json\/wp\/v2\/pages"}],"about":[{"href":"https:\/\/dansondecor.com\/fr\/wp-json\/wp\/v2\/types\/page"}],"author":[{"embeddable":true,"href":"https:\/\/dansondecor.com\/fr\/wp-json\/wp\/v2\/users\/4"}],"replies":[{"embeddable":true,"href":"https:\/\/dansondecor.com\/fr\/wp-json\/wp\/v2\/comments?post=1918"}],"version-history":[{"count":0,"href":"https:\/\/dansondecor.com\/fr\/wp-json\/wp\/v2\/pages\/1918\/revisions"}],"wp:attachment":[{"href":"https:\/\/dansondecor.com\/fr\/wp-json\/wp\/v2\/media?parent=1918"}],"curies":[{"name":"wp","href":"https:\/\/api.w.org\/{rel}","templated":true}]}}